{"id":1631,"date":"2023-02-15T17:47:52","date_gmt":"2023-02-15T16:47:52","guid":{"rendered":"https:\/\/www.algherorentabike.com\/e-bike\/"},"modified":"2023-03-23T19:12:42","modified_gmt":"2023-03-23T18:12:42","slug":"e-bike","status":"publish","type":"page","link":"https:\/\/www.algherorentabike.com\/en\/e-bike\/","title":{"rendered":"E-Bike"},"content":{"rendered":"\t\t<div data-elementor-type=\"wp-post\" data-elementor-id=\"1631\" class=\"elementor elementor-1631 elementor-774\">\n\t\t\t\t\t\t<section class=\"elementor-section elementor-top-section elementor-element elementor-element-1842058b elementor-section-boxed elementor-section-height-default elementor-section-height-default\" data-id=\"1842058b\" data-element_type=\"section\" data-settings=\"{&quot;jet_parallax_layout_list&quot;:[{&quot;jet_parallax_layout_image&quot;:{&quot;url&quot;:&quot;&quot;,&quot;id&quot;:&quot;&quot;,&quot;size&quot;:&quot;&quot;},&quot;_id&quot;:&quot;98edfe1&quot;,&quot;jet_parallax_layout_image_tablet&quot;:{&quot;url&quot;:&quot;&quot;,&quot;id&quot;:&quot;&quot;,&quot;size&quot;:&quot;&quot;},&quot;jet_parallax_layout_image_mobile&quot;:{&quot;url&quot;:&quot;&quot;,&quot;id&quot;:&quot;&quot;,&quot;size&quot;:&quot;&quot;},&quot;jet_parallax_layout_speed&quot;:{&quot;unit&quot;:&quot;%&quot;,&quot;size&quot;:50,&quot;sizes&quot;:[]},&quot;jet_parallax_layout_type&quot;:&quot;scroll&quot;,&quot;jet_parallax_layout_direction&quot;:&quot;1&quot;,&quot;jet_parallax_layout_fx_direction&quot;:null,&quot;jet_parallax_layout_z_index&quot;:&quot;&quot;,&quot;jet_parallax_layout_bg_x&quot;:50,&quot;jet_parallax_layout_bg_x_tablet&quot;:&quot;&quot;,&quot;jet_parallax_layout_bg_x_mobile&quot;:&quot;&quot;,&quot;jet_parallax_layout_bg_y&quot;:50,&quot;jet_parallax_layout_bg_y_tablet&quot;:&quot;&quot;,&quot;jet_parallax_layout_bg_y_mobile&quot;:&quot;&quot;,&quot;jet_parallax_layout_bg_size&quot;:&quot;auto&quot;,&quot;jet_parallax_layout_bg_size_tablet&quot;:&quot;&quot;,&quot;jet_parallax_layout_bg_size_mobile&quot;:&quot;&quot;,&quot;jet_parallax_layout_animation_prop&quot;:&quot;transform&quot;,&quot;jet_parallax_layout_on&quot;:[&quot;desktop&quot;,&quot;tablet&quot;]}]}\">\n\t\t\t\t\t\t<div class=\"elementor-container elementor-column-gap-no\">\n\t\t\t\t\t<div class=\"elementor-column elementor-col-100 elementor-top-column elementor-element elementor-element-209ec20f\" data-id=\"209ec20f\" data-element_type=\"column\">\n\t\t\t<div class=\"elementor-widget-wrap elementor-element-populated\">\n\t\t\t\t\t\t<div class=\"elementor-element elementor-element-79db83a elementor-widget-divider--view-line elementor-widget elementor-widget-divider\" data-id=\"79db83a\" data-element_type=\"widget\" data-widget_type=\"divider.default\">\n\t\t\t\t<div class=\"elementor-widget-container\">\n\t\t\t\t\t\t\t<div class=\"elementor-divider\">\n\t\t\t<span class=\"elementor-divider-separator\">\n\t\t\t\t\t\t<\/span>\n\t\t<\/div>\n\t\t\t\t\t\t<\/div>\n\t\t\t\t<\/div>\n\t\t\t\t<div class=\"elementor-element elementor-element-5545f000 elementor-widget elementor-widget-spacer\" data-id=\"5545f000\" data-element_type=\"widget\" data-widget_type=\"spacer.default\">\n\t\t\t\t<div class=\"elementor-widget-container\">\n\t\t\t\t\t\t\t<div class=\"elementor-spacer\">\n\t\t\t<div class=\"elementor-spacer-inner\"><\/div>\n\t\t<\/div>\n\t\t\t\t\t\t<\/div>\n\t\t\t\t<\/div>\n\t\t\t\t<div class=\"elementor-element elementor-element-2a48ad29 elementor-widget elementor-widget-heading\" data-id=\"2a48ad29\" data-element_type=\"widget\" data-widget_type=\"heading.default\">\n\t\t\t\t<div class=\"elementor-widget-container\">\n\t\t\t\t\t<h2 class=\"elementor-heading-title elementor-size-default\">E-Bike<\/h2>\t\t\t\t<\/div>\n\t\t\t\t<\/div>\n\t\t\t\t\t<\/div>\n\t\t<\/div>\n\t\t\t\t\t<\/div>\n\t\t<\/section>\n\t\t\t\t<section class=\"elementor-section elementor-top-section elementor-element elementor-element-7c3ac6e elementor-section-boxed elementor-section-height-default elementor-section-height-default\" data-id=\"7c3ac6e\" data-element_type=\"section\" data-settings=\"{&quot;jet_parallax_layout_list&quot;:[]}\">\n\t\t\t\t\t\t<div class=\"elementor-container elementor-column-gap-default\">\n\t\t\t\t\t<div class=\"elementor-column elementor-col-100 elementor-top-column elementor-element elementor-element-dd1675d\" data-id=\"dd1675d\" data-element_type=\"column\">\n\t\t\t<div class=\"elementor-widget-wrap elementor-element-populated\">\n\t\t\t\t\t\t<div class=\"elementor-element elementor-element-c40e0c8 elementor-invisible elementor-widget elementor-widget-jet-posts\" data-id=\"c40e0c8\" data-element_type=\"widget\" data-settings=\"{&quot;columns&quot;:&quot;3&quot;,&quot;_animation&quot;:&quot;slideInUp&quot;,&quot;slides_to_scroll&quot;:&quot;1&quot;}\" data-widget_type=\"jet-posts.default\">\n\t\t\t\t<div class=\"elementor-widget-container\">\n\t\t\t\t\t<div class=\"elementor-jet-posts jet-elements\"><div class=\"jet-posts col-row  jet-equal-cols\"><div class=\"jet-posts__item\">\n\t<div class=\"jet-posts__inner-box\"><div class=\"post-thumbnail\"><a href=\"https:\/\/www.algherorentabike.com\/en\/e-bike\/e-bike-trekking\/\" class=\"post-thumbnail__link\"><img loading=\"lazy\" decoding=\"async\" class=\"post-thumbnail__img wp-post-image\" src=\"https:\/\/www.algherorentabike.com\/wp-content\/uploads\/2023\/03\/E-TREKKING-1.jpg\" alt=\"E-Bike TREKKING\" loading=\"lazy\" width=\"1280\" height=\"1280\"><\/a><\/div><div class=\"jet-posts__inner-content\"><h5 class=\"entry-title\"><a href=\"https:\/\/www.algherorentabike.com\/en\/e-bike\/e-bike-trekking\/\" target=\"\">E-Bike TREKKING<\/a><\/h5><div class=\"jet-more-wrap\"><a href=\"https:\/\/www.algherorentabike.com\/en\/e-bike\/e-bike-trekking\/\" class=\"btn btn-primary elementor-button elementor-size-md jet-more\" target=\"\"><span class=\"btn__text\">SCOPRI DI PI\u00f9<\/span><\/a><\/div><\/div><\/div>\n<\/div>\n<div class=\"jet-posts__item\">\n\t<div class=\"jet-posts__inner-box\"><div class=\"post-thumbnail\"><a href=\"https:\/\/www.algherorentabike.com\/en\/e-bike\/e-bike-city\/\" class=\"post-thumbnail__link\"><img loading=\"lazy\" decoding=\"async\" class=\"post-thumbnail__img wp-post-image\" src=\"https:\/\/www.algherorentabike.com\/wp-content\/uploads\/2026\/01\/e-bike-city.jpg\" alt=\"E-Bike CITY\" loading=\"lazy\" width=\"1280\" height=\"1280\"><\/a><\/div><div class=\"jet-posts__inner-content\"><h5 class=\"entry-title\"><a href=\"https:\/\/www.algherorentabike.com\/en\/e-bike\/e-bike-city\/\" target=\"\">E-Bike CITY<\/a><\/h5><div class=\"jet-more-wrap\"><a href=\"https:\/\/www.algherorentabike.com\/en\/e-bike\/e-bike-city\/\" class=\"btn btn-primary elementor-button elementor-size-md jet-more\" target=\"\"><span class=\"btn__text\">SCOPRI DI PI\u00f9<\/span><\/a><\/div><\/div><\/div>\n<\/div>\n<div class=\"jet-posts__item\">\n\t<div class=\"jet-posts__inner-box\"><div class=\"post-thumbnail\"><a href=\"https:\/\/www.algherorentabike.com\/en\/e-bike\/e-bike-mtb\/\" class=\"post-thumbnail__link\"><img loading=\"lazy\" decoding=\"async\" class=\"post-thumbnail__img wp-post-image\" src=\"https:\/\/www.algherorentabike.com\/wp-content\/uploads\/2023\/03\/E-MTB.jpg\" alt=\"E-Bike MTB\" loading=\"lazy\" width=\"1280\" height=\"1280\"><\/a><\/div><div class=\"jet-posts__inner-content\"><h5 class=\"entry-title\"><a href=\"https:\/\/www.algherorentabike.com\/en\/e-bike\/e-bike-mtb\/\" target=\"\">E-Bike MTB<\/a><\/h5><div class=\"jet-more-wrap\"><a href=\"https:\/\/www.algherorentabike.com\/en\/e-bike\/e-bike-mtb\/\" class=\"btn btn-primary elementor-button elementor-size-md jet-more\" target=\"\"><span class=\"btn__text\">SCOPRI DI PI\u00f9<\/span><\/a><\/div><\/div><\/div>\n<\/div>\n<\/div>\n<\/div>\t\t\t\t<\/div>\n\t\t\t\t<\/div>\n\t\t\t\t<div class=\"elementor-element elementor-element-5147469 elementor-widget elementor-widget-spacer\" data-id=\"5147469\" data-element_type=\"widget\" data-widget_type=\"spacer.default\">\n\t\t\t\t<div class=\"elementor-widget-container\">\n\t\t\t\t\t\t\t<div class=\"elementor-spacer\">\n\t\t\t<div class=\"elementor-spacer-inner\"><\/div>\n\t\t<\/div>\n\t\t\t\t\t\t<\/div>\n\t\t\t\t<\/div>\n\t\t\t\t\t<\/div>\n\t\t<\/div>\n\t\t\t\t\t<\/div>\n\t\t<\/section>\n\t\t\t\t<section class=\"elementor-section elementor-top-section elementor-element elementor-element-8e384a8 elementor-section-boxed elementor-section-height-default elementor-section-height-default\" data-id=\"8e384a8\" data-element_type=\"section\" data-settings=\"{&quot;jet_parallax_layout_list&quot;:[]}\">\n\t\t\t\t\t\t<div class=\"elementor-container elementor-column-gap-default\">\n\t\t\t\t\t<div class=\"elementor-column elementor-col-100 elementor-top-column elementor-element elementor-element-6f63ad9\" data-id=\"6f63ad9\" data-element_type=\"column\">\n\t\t\t<div class=\"elementor-widget-wrap elementor-element-populated\">\n\t\t\t\t\t\t<div class=\"elementor-element elementor-element-a4ef64e elementor-widget elementor-widget-text-editor\" data-id=\"a4ef64e\" data-element_type=\"widget\" data-widget_type=\"text-editor.default\">\n\t\t\t\t<div class=\"elementor-widget-container\">\n\t\t\t\t\t\t\t\t\t<h5>WHAT IS AN E-BIKE?<\/h5><p>An e-bike, short for electric bicycle, is a type of bicycle that is powered by an electric motor. E-bikes typically have a battery that powers the motor and assists the rider&#8217;s pedaling, providing an extra boost of speed and reducing the effort required to ride uphill or against the wind. Some e-bikes also have a throttle that allows the rider to control the motor without pedaling at all, similar to a motorcycle.<\/p><p>E-bikes come in various styles, including road bikes, mountain bikes, and city bikes, and they can be used for commuting, recreational riding, or exercise. They are becoming increasingly popular as a greener alternative to traditional vehicles for short trips and transportation, as they are efficient, cost-effective, and environmentally friendly.<\/p><h5>\u00a0<\/h5><h5>IS IT NECESSARY TO RIDE WITH AN E-BIKE?<\/h5><p>Whether or not it is necessary to ride with an e-bike depends on the individual&amp;#39;s needs and preferences.<\/p><p>Here are some potential reasons someone might choose to ride an e-bike:<\/p><ol><li>Commuting: E-bikes can be a more efficient and cost-effective mode of transportation for commuting, especially for longer distances or when the route includes hills or other challenging terrain.<\/li><li>Fitness: E-bikes can provide an easier transition into regular cycling for individuals who may not be physically fit enough to ride a traditional bike, or for those recovering from injuries.<\/li><li>Environment: E-bikes can be a more environmentally friendly option than cars or public transportation, as they produce no emissions and require less energy to operate.<\/li><li>Speed: E-bikes can reach higher speeds than traditional bikes, which may be appealing to some riders who want to travel faster and cover more ground in less time.<\/li><\/ol><p>Ultimately, the decision to ride an e-bike is a personal one, based on an individual&#8217;s needs, preferences, and circumstances.<\/p><p>\u00a0<\/p><h5>FOR HOW MANY KILOMETERS AND FOR HOW LONG CAN I USE AN E- BIKE?<\/h5><p>The range and duration of an e-bike depend on several factors, including the battery capacity, the level of assistance selected, the terrain, the rider&#8217;s weight, and the riding style. Here are some general guidelines:<\/p><ol><li>Range: E-bikes typically have a range of 40-100 kilometers (25-62 miles) per charge, depending on the battery capacity and the level of assistance used. A rider using maximum assistance and riding on flat terrain may get a shorter range than a rider using minimal assistance and tackling steep hills.<\/li><li>Duration: E-bike batteries typically last 2-5 years or 500-1000 charge cycles, whichever comes first. A charge cycle is defined as using the battery from full to empty and then fully recharging it. A rider can typically ride an e-bike for 1-3 hours on a single charge, depending on the level of assistance and terrain.<\/li><\/ol><p>It&#8217;s important to note that the range and duration of an e-bike are estimates and can vary depending on the factors mentioned above. It&#8217;s always a good idea to consult the manufacturer&#8217;s specifications and test ride an e-bike to get a better idea of its capabilities.<\/p><p>\u00a0<\/p><h5>WHAT DOES WH MEAN?<\/h5><p>WH stands for watt-hour and is a unit of energy commonly used to describe the capacity of an e-bike battery. Watt-hour is a measure of how much energy a battery can hold and how much energy it can deliver over a certain period.<\/p><p>To calculate the watt-hours of an e-bike battery, you multiply the voltage (V) by the amp-hour (Ah) rating. For example, a 36V 10Ah battery has a capacity of 360 watt-hours (36V x 10Ah = 360Wh).<\/p><p>The watt-hour rating of an e-bike battery is an important specification to consider when choosing an e- bike because it affects the range and duration of the e-bike. A higher watt-hour rating typically means the e-bike can travel further on a single charge, but it may also mean a heavier and more expensive battery.<\/p><p>\u00a0<\/p><h5>IS IT POSSIBLE TO REMOVE THE BATTERY FROM MY E-BIKE?<\/h5><p>On all e-bikes the batteries are removable without tools: all you need is the key to open the retention system.<\/p>\t\t\t\t\t\t\t\t<\/div>\n\t\t\t\t<\/div>\n\t\t\t\t<div class=\"elementor-element elementor-element-882a768 elementor-widget elementor-widget-spacer\" data-id=\"882a768\" data-element_type=\"widget\" data-widget_type=\"spacer.default\">\n\t\t\t\t<div class=\"elementor-widget-container\">\n\t\t\t\t\t\t\t<div class=\"elementor-spacer\">\n\t\t\t<div class=\"elementor-spacer-inner\"><\/div>\n\t\t<\/div>\n\t\t\t\t\t\t<\/div>\n\t\t\t\t<\/div>\n\t\t\t\t\t<\/div>\n\t\t<\/div>\n\t\t\t\t\t<\/div>\n\t\t<\/section>\n\t\t\t\t<\/div>\n\t\t","protected":false},"excerpt":{"rendered":"<p>E-Bike E-Bike TREKKING SCOPRI DI PI\u00f9 E-Bike CITY SCOPRI DI PI\u00f9 E-Bike MTB SCOPRI DI PI\u00f9 WHAT IS AN E-BIKE? An e-bike, short for electric bicycle, is a type of bicycle that is powered by an electric motor. E-bikes typically have a battery that powers the motor and assists the rider&#8217;s pedaling, providing an extra [&hellip;]<\/p>\n","protected":false},"author":1,"featured_media":0,"parent":0,"menu_order":0,"comment_status":"closed","ping_status":"closed","template":"page-templates\/fullwidth-content.php","meta":{"_joinchat":[],"footnotes":""},"class_list":["post-1631","page","type-page","status-publish","hentry"],"yoast_head":"<!-- This site is optimized with the Yoast SEO plugin v26.8 - https:\/\/yoast.com\/product\/yoast-seo-wordpress\/ -->\n<title>E-Bike - Raggi di Sardegna<\/title>\n<meta name=\"robots\" content=\"index, follow, max-snippet:-1, max-image-preview:large, max-video-preview:-1\" \/>\n<link rel=\"canonical\" href=\"https:\/\/www.algherorentabike.com\/en\/e-bike\/\" \/>\n<meta property=\"og:locale\" content=\"en_US\" \/>\n<meta property=\"og:type\" content=\"article\" \/>\n<meta property=\"og:title\" content=\"E-Bike - Raggi di Sardegna\" \/>\n<meta property=\"og:description\" content=\"E-Bike E-Bike TREKKING SCOPRI DI PI\u00f9 E-Bike CITY SCOPRI DI PI\u00f9 E-Bike MTB SCOPRI DI PI\u00f9 WHAT IS AN E-BIKE? An e-bike, short for electric bicycle, is a type of bicycle that is powered by an electric motor. E-bikes typically have a battery that powers the motor and assists the rider&#8217;s pedaling, providing an extra [&hellip;]\" \/>\n<meta property=\"og:url\" content=\"https:\/\/www.algherorentabike.com\/en\/e-bike\/\" \/>\n<meta property=\"og:site_name\" content=\"Raggi di Sardegna\" \/>\n<meta property=\"article:modified_time\" content=\"2023-03-23T18:12:42+00:00\" \/>\n<meta property=\"og:image\" content=\"https:\/\/www.algherorentabike.com\/wp-content\/uploads\/2023\/03\/E-TREKKING-1.jpg\" \/>\n<meta name=\"twitter:card\" content=\"summary_large_image\" \/>\n<meta name=\"twitter:label1\" content=\"Est. reading time\" \/>\n\t<meta name=\"twitter:data1\" content=\"3 minutes\" \/>\n<script type=\"application\/ld+json\" class=\"yoast-schema-graph\">{\"@context\":\"https:\/\/schema.org\",\"@graph\":[{\"@type\":\"WebPage\",\"@id\":\"https:\/\/www.algherorentabike.com\/en\/e-bike\/\",\"url\":\"https:\/\/www.algherorentabike.com\/en\/e-bike\/\",\"name\":\"E-Bike - Raggi di Sardegna\",\"isPartOf\":{\"@id\":\"https:\/\/www.algherorentabike.com\/#website\"},\"primaryImageOfPage\":{\"@id\":\"https:\/\/www.algherorentabike.com\/en\/e-bike\/#primaryimage\"},\"image\":{\"@id\":\"https:\/\/www.algherorentabike.com\/en\/e-bike\/#primaryimage\"},\"thumbnailUrl\":\"https:\/\/www.algherorentabike.com\/wp-content\/uploads\/2023\/03\/E-TREKKING-1.jpg\",\"datePublished\":\"2023-02-15T16:47:52+00:00\",\"dateModified\":\"2023-03-23T18:12:42+00:00\",\"breadcrumb\":{\"@id\":\"https:\/\/www.algherorentabike.com\/en\/e-bike\/#breadcrumb\"},\"inLanguage\":\"en-US\",\"potentialAction\":[{\"@type\":\"ReadAction\",\"target\":[\"https:\/\/www.algherorentabike.com\/en\/e-bike\/\"]}]},{\"@type\":\"ImageObject\",\"inLanguage\":\"en-US\",\"@id\":\"https:\/\/www.algherorentabike.com\/en\/e-bike\/#primaryimage\",\"url\":\"https:\/\/www.algherorentabike.com\/wp-content\/uploads\/2023\/03\/E-TREKKING-1.jpg\",\"contentUrl\":\"https:\/\/www.algherorentabike.com\/wp-content\/uploads\/2023\/03\/E-TREKKING-1.jpg\"},{\"@type\":\"BreadcrumbList\",\"@id\":\"https:\/\/www.algherorentabike.com\/en\/e-bike\/#breadcrumb\",\"itemListElement\":[{\"@type\":\"ListItem\",\"position\":1,\"name\":\"Home\",\"item\":\"https:\/\/www.algherorentabike.com\/\"},{\"@type\":\"ListItem\",\"position\":2,\"name\":\"E-Bike\"}]},{\"@type\":\"WebSite\",\"@id\":\"https:\/\/www.algherorentabike.com\/#website\",\"url\":\"https:\/\/www.algherorentabike.com\/\",\"name\":\"Raggi di Sardegna\",\"description\":\" Noleggio e tour in bici Alghero\",\"publisher\":{\"@id\":\"https:\/\/www.algherorentabike.com\/#organization\"},\"potentialAction\":[{\"@type\":\"SearchAction\",\"target\":{\"@type\":\"EntryPoint\",\"urlTemplate\":\"https:\/\/www.algherorentabike.com\/?s={search_term_string}\"},\"query-input\":{\"@type\":\"PropertyValueSpecification\",\"valueRequired\":true,\"valueName\":\"search_term_string\"}}],\"inLanguage\":\"en-US\"},{\"@type\":\"Organization\",\"@id\":\"https:\/\/www.algherorentabike.com\/#organization\",\"name\":\"Raggi di Sardegna\",\"url\":\"https:\/\/www.algherorentabike.com\/\",\"logo\":{\"@type\":\"ImageObject\",\"inLanguage\":\"en-US\",\"@id\":\"https:\/\/www.algherorentabike.com\/#\/schema\/logo\/image\/\",\"url\":\"https:\/\/www.algherorentabike.com\/wp-content\/uploads\/2023\/02\/cropped-logo-orizzontale-nero.png\",\"contentUrl\":\"https:\/\/www.algherorentabike.com\/wp-content\/uploads\/2023\/02\/cropped-logo-orizzontale-nero.png\",\"width\":512,\"height\":133,\"caption\":\"Raggi di Sardegna\"},\"image\":{\"@id\":\"https:\/\/www.algherorentabike.com\/#\/schema\/logo\/image\/\"}}]}<\/script>\n<!-- \/ Yoast SEO plugin. -->","yoast_head_json":{"title":"E-Bike - Raggi di Sardegna","robots":{"index":"index","follow":"follow","max-snippet":"max-snippet:-1","max-image-preview":"max-image-preview:large","max-video-preview":"max-video-preview:-1"},"canonical":"https:\/\/www.algherorentabike.com\/en\/e-bike\/","og_locale":"en_US","og_type":"article","og_title":"E-Bike - Raggi di Sardegna","og_description":"E-Bike E-Bike TREKKING SCOPRI DI PI\u00f9 E-Bike CITY SCOPRI DI PI\u00f9 E-Bike MTB SCOPRI DI PI\u00f9 WHAT IS AN E-BIKE? An e-bike, short for electric bicycle, is a type of bicycle that is powered by an electric motor. E-bikes typically have a battery that powers the motor and assists the rider&#8217;s pedaling, providing an extra [&hellip;]","og_url":"https:\/\/www.algherorentabike.com\/en\/e-bike\/","og_site_name":"Raggi di Sardegna","article_modified_time":"2023-03-23T18:12:42+00:00","og_image":[{"url":"https:\/\/www.algherorentabike.com\/wp-content\/uploads\/2023\/03\/E-TREKKING-1.jpg","type":"","width":"","height":""}],"twitter_card":"summary_large_image","twitter_misc":{"Est. reading time":"3 minutes"},"schema":{"@context":"https:\/\/schema.org","@graph":[{"@type":"WebPage","@id":"https:\/\/www.algherorentabike.com\/en\/e-bike\/","url":"https:\/\/www.algherorentabike.com\/en\/e-bike\/","name":"E-Bike - Raggi di Sardegna","isPartOf":{"@id":"https:\/\/www.algherorentabike.com\/#website"},"primaryImageOfPage":{"@id":"https:\/\/www.algherorentabike.com\/en\/e-bike\/#primaryimage"},"image":{"@id":"https:\/\/www.algherorentabike.com\/en\/e-bike\/#primaryimage"},"thumbnailUrl":"https:\/\/www.algherorentabike.com\/wp-content\/uploads\/2023\/03\/E-TREKKING-1.jpg","datePublished":"2023-02-15T16:47:52+00:00","dateModified":"2023-03-23T18:12:42+00:00","breadcrumb":{"@id":"https:\/\/www.algherorentabike.com\/en\/e-bike\/#breadcrumb"},"inLanguage":"en-US","potentialAction":[{"@type":"ReadAction","target":["https:\/\/www.algherorentabike.com\/en\/e-bike\/"]}]},{"@type":"ImageObject","inLanguage":"en-US","@id":"https:\/\/www.algherorentabike.com\/en\/e-bike\/#primaryimage","url":"https:\/\/www.algherorentabike.com\/wp-content\/uploads\/2023\/03\/E-TREKKING-1.jpg","contentUrl":"https:\/\/www.algherorentabike.com\/wp-content\/uploads\/2023\/03\/E-TREKKING-1.jpg"},{"@type":"BreadcrumbList","@id":"https:\/\/www.algherorentabike.com\/en\/e-bike\/#breadcrumb","itemListElement":[{"@type":"ListItem","position":1,"name":"Home","item":"https:\/\/www.algherorentabike.com\/"},{"@type":"ListItem","position":2,"name":"E-Bike"}]},{"@type":"WebSite","@id":"https:\/\/www.algherorentabike.com\/#website","url":"https:\/\/www.algherorentabike.com\/","name":"Raggi di Sardegna","description":" Noleggio e tour in bici Alghero","publisher":{"@id":"https:\/\/www.algherorentabike.com\/#organization"},"potentialAction":[{"@type":"SearchAction","target":{"@type":"EntryPoint","urlTemplate":"https:\/\/www.algherorentabike.com\/?s={search_term_string}"},"query-input":{"@type":"PropertyValueSpecification","valueRequired":true,"valueName":"search_term_string"}}],"inLanguage":"en-US"},{"@type":"Organization","@id":"https:\/\/www.algherorentabike.com\/#organization","name":"Raggi di Sardegna","url":"https:\/\/www.algherorentabike.com\/","logo":{"@type":"ImageObject","inLanguage":"en-US","@id":"https:\/\/www.algherorentabike.com\/#\/schema\/logo\/image\/","url":"https:\/\/www.algherorentabike.com\/wp-content\/uploads\/2023\/02\/cropped-logo-orizzontale-nero.png","contentUrl":"https:\/\/www.algherorentabike.com\/wp-content\/uploads\/2023\/02\/cropped-logo-orizzontale-nero.png","width":512,"height":133,"caption":"Raggi di Sardegna"},"image":{"@id":"https:\/\/www.algherorentabike.com\/#\/schema\/logo\/image\/"}}]}},"_links":{"self":[{"href":"https:\/\/www.algherorentabike.com\/en\/wp-json\/wp\/v2\/pages\/1631","targetHints":{"allow":["GET"]}}],"collection":[{"href":"https:\/\/www.algherorentabike.com\/en\/wp-json\/wp\/v2\/pages"}],"about":[{"href":"https:\/\/www.algherorentabike.com\/en\/wp-json\/wp\/v2\/types\/page"}],"author":[{"embeddable":true,"href":"https:\/\/www.algherorentabike.com\/en\/wp-json\/wp\/v2\/users\/1"}],"replies":[{"embeddable":true,"href":"https:\/\/www.algherorentabike.com\/en\/wp-json\/wp\/v2\/comments?post=1631"}],"version-history":[{"count":6,"href":"https:\/\/www.algherorentabike.com\/en\/wp-json\/wp\/v2\/pages\/1631\/revisions"}],"predecessor-version":[{"id":1695,"href":"https:\/\/www.algherorentabike.com\/en\/wp-json\/wp\/v2\/pages\/1631\/revisions\/1695"}],"wp:attachment":[{"href":"https:\/\/www.algherorentabike.com\/en\/wp-json\/wp\/v2\/media?parent=1631"}],"curies":[{"name":"wp","href":"https:\/\/api.w.org\/{rel}","templated":true}]}}